{"id":9414,"date":"2026-03-10T18:49:38","date_gmt":"2026-03-10T18:49:38","guid":{"rendered":"https:\/\/ginmedusa.com\/?post_type=product&#038;p=9414"},"modified":"2026-03-28T23:41:14","modified_gmt":"2026-03-28T23:41:14","slug":"medusa-hoodie-white-edition","status":"publish","type":"product","link":"https:\/\/ginmedusa.com\/sq\/produkt\/medusa-hoodie-white-edition\/","title":{"rendered":"Medusa Hoodie &#8211; White Edition"},"content":{"rendered":"<p>1 Bluz\u00eb me Kapu\u00e7 t\u00eb bardh\u00eb<\/p>","protected":false},"excerpt":{"rendered":"<p>1 Bluz\u00eb me Kapu\u00e7 t\u00eb bardh\u00eb<\/p>","protected":false},"featured_media":9401,"template":"","meta":[],"product_brand":[],"product_cat":[93],"product_tag":[],"class_list":{"0":"post-9414","1":"product","2":"type-product","3":"status-publish","4":"has-post-thumbnail","6":"product_cat-lifestyle","8":"first","9":"instock","10":"shipping-taxable","11":"purchasable","12":"product-type-variable"},"_links":{"self":[{"href":"https:\/\/ginmedusa.com\/sq\/wp-json\/wp\/v2\/product\/9414","targetHints":{"allow":["GET"]}}],"collection":[{"href":"https:\/\/ginmedusa.com\/sq\/wp-json\/wp\/v2\/product"}],"about":[{"href":"https:\/\/ginmedusa.com\/sq\/wp-json\/wp\/v2\/types\/product"}],"wp:featuredmedia":[{"embeddable":true,"href":"https:\/\/ginmedusa.com\/sq\/wp-json\/wp\/v2\/media\/9401"}],"wp:attachment":[{"href":"https:\/\/ginmedusa.com\/sq\/wp-json\/wp\/v2\/media?parent=9414"}],"wp:term":[{"taxonomy":"product_brand","embeddable":true,"href":"https:\/\/ginmedusa.com\/sq\/wp-json\/wp\/v2\/product_brand?post=9414"},{"taxonomy":"product_cat","embeddable":true,"href":"https:\/\/ginmedusa.com\/sq\/wp-json\/wp\/v2\/product_cat?post=9414"},{"taxonomy":"product_tag","embeddable":true,"href":"https:\/\/ginmedusa.com\/sq\/wp-json\/wp\/v2\/product_tag?post=9414"}],"curies":[{"name":"wp","href":"https:\/\/api.w.org\/{rel}","templated":true}]}}